{"id":670,"date":"2021-11-09T12:46:57","date_gmt":"2021-11-09T12:46:57","guid":{"rendered":"https:\/\/braynwp.wip-themes.com\/?page_id=670"},"modified":"2024-10-02T09:31:08","modified_gmt":"2024-10-02T09:31:08","slug":"kapcsolat","status":"publish","type":"page","link":"https:\/\/timealaslavic.ro\/hu\/kapcsolat\/","title":{"rendered":"Kapcsolat"},"content":{"rendered":"\t\t<div data-elementor-type=\"wp-page\" data-elementor-id=\"670\" class=\"elementor elementor-670\">\n\t\t\t\t\t\t<section class=\"elementor-section elementor-top-section elementor-element elementor-element-67876048 elementor-section-stretched elementor-section-boxed elementor-section-height-default elementor-section-height-default\" data-id=\"67876048\" data-element_type=\"section\" data-settings=\"{&quot;stretch_section&quot;:&quot;section-stretched&quot;}\">\n\t\t\t\t\t\t<div class=\"elementor-container elementor-column-gap-default\">\n\t\t\t\t\t<div class=\"elementor-column elementor-col-100 elementor-top-column elementor-element elementor-element-31795769\" data-id=\"31795769\" data-element_type=\"column\">\n\t\t\t<div class=\"elementor-widget-wrap elementor-element-populated\">\n\t\t\t\t\t\t<div class=\"elementor-element elementor-element-32393a66 elementor-widget elementor-widget-heading\" data-id=\"32393a66\" data-element_type=\"widget\" data-widget_type=\"heading.default\">\n\t\t\t\t<div class=\"elementor-widget-container\">\n\t\t\t\t\t<h2 class=\"elementor-heading-title elementor-size-default\">\u00cdrj nekem!<\/h2>\t\t\t\t<\/div>\n\t\t\t\t<\/div>\n\t\t\t\t<div class=\"elementor-element elementor-element-9e2180d elementor-widget elementor-widget-text-editor\" data-id=\"9e2180d\" data-element_type=\"widget\" data-widget_type=\"text-editor.default\">\n\t\t\t\t<div class=\"elementor-widget-container\">\n\t\t\t\t\t\t\t\t\t<p>Ha ford\u00edt\u00e1sra van sz\u00fcks\u00e9ged, k\u00e9rlek, k\u00fcldd el itt a leford\u00edtand\u00f3 iratot\/sz\u00f6veget:<\/p>\t\t\t\t\t\t\t\t<\/div>\n\t\t\t\t<\/div>\n\t\t\t\t<section class=\"elementor-section elementor-inner-section elementor-element elementor-element-3e2b4629 elementor-section-boxed elementor-section-height-default elementor-section-height-default\" data-id=\"3e2b4629\" data-element_type=\"section\">\n\t\t\t\t\t\t<div class=\"elementor-container elementor-column-gap-default\">\n\t\t\t\t\t<div class=\"elementor-column elementor-col-33 elementor-inner-column elementor-element elementor-element-31e6493e elementor-hidden-tablet elementor-hidden-phone\" data-id=\"31e6493e\" data-element_type=\"column\">\n\t\t\t<div class=\"elementor-widget-wrap\">\n\t\t\t\t\t\t\t<\/div>\n\t\t<\/div>\n\t\t\t\t<div class=\"elementor-column elementor-col-33 elementor-inner-column elementor-element elementor-element-40e42216\" data-id=\"40e42216\" data-element_type=\"column\">\n\t\t\t<div class=\"elementor-widget-wrap elementor-element-populated\">\n\t\t\t\t\t\t<div class=\"elementor-element elementor-element-3b986ca0 elementor-widget elementor-widget-shortcode\" data-id=\"3b986ca0\" data-element_type=\"widget\" data-widget_type=\"shortcode.default\">\n\t\t\t\t<div class=\"elementor-widget-container\">\n\t\t\t\t\t\t\t<div class=\"elementor-shortcode\">\n<div class=\"wpcf7 no-js\" id=\"wpcf7-f7698-o1\" lang=\"ro-RO\" dir=\"ltr\" data-wpcf7-id=\"7698\">\n<div class=\"screen-reader-response\"><p role=\"status\" aria-live=\"polite\" aria-atomic=\"true\"><\/p> <ul><\/ul><\/div>\n<form action=\"\/hu\/wp-json\/wp\/v2\/pages\/670#wpcf7-f7698-o1\" method=\"post\" class=\"wpcf7-form init\" aria-label=\"Formular de contact\" enctype=\"multipart\/form-data\" novalidate=\"novalidate\" data-status=\"init\">\n<fieldset class=\"hidden-fields-container\"><input type=\"hidden\" name=\"_wpcf7\" value=\"7698\" \/><input type=\"hidden\" name=\"_wpcf7_version\" value=\"6.1.2\" \/><input type=\"hidden\" name=\"_wpcf7_locale\" value=\"ro_RO\" \/><input type=\"hidden\" name=\"_wpcf7_unit_tag\" value=\"wpcf7-f7698-o1\" \/><input type=\"hidden\" name=\"_wpcf7_container_post\" value=\"0\" \/><input type=\"hidden\" name=\"_wpcf7_posted_data_hash\" value=\"\" \/><input type=\"hidden\" name=\"_wpcf7_recaptcha_response\" value=\"\" \/>\n<\/fieldset>\n<p><label> N\u00e9v<\/label><br \/>\n<span class=\"wpcf7-form-control-wrap\" data-name=\"your-name\"><input size=\"40\" maxlength=\"400\" class=\"wpcf7-form-control wpcf7-text wpcf7-validates-as-required\" aria-required=\"true\" aria-invalid=\"false\" value=\"\" type=\"text\" name=\"your-name\" \/><\/span>\n<\/p>\n<p><label> E-mail-c\u00edm <\/label><br \/>\n<span class=\"wpcf7-form-control-wrap\" data-name=\"your-email\"><input size=\"40\" maxlength=\"400\" class=\"wpcf7-form-control wpcf7-email wpcf7-validates-as-required wpcf7-text wpcf7-validates-as-email\" aria-required=\"true\" aria-invalid=\"false\" value=\"\" type=\"email\" name=\"your-email\" \/><\/span>\n<\/p>\n<p><label> Telefon<\/label><br \/>\n<span class=\"wpcf7-form-control-wrap\" data-name=\"your-phone\"><input size=\"40\" maxlength=\"400\" class=\"wpcf7-form-control wpcf7-tel wpcf7-validates-as-required wpcf7-text wpcf7-validates-as-tel\" aria-required=\"true\" aria-invalid=\"false\" value=\"\" type=\"tel\" name=\"your-phone\" \/><\/span>\n<\/p>\n<p><label> \u00dczenet<\/label><br \/>\n<span class=\"wpcf7-form-control-wrap\" data-name=\"your-message\"><textarea cols=\"40\" rows=\"10\" maxlength=\"2000\" class=\"wpcf7-form-control wpcf7-textarea wpcf7-validates-as-required\" aria-required=\"true\" aria-invalid=\"false\" name=\"your-message\"><\/textarea><\/span>\n<\/p>\n<p><label> Szkenneld be a dokumentumot vagy k\u00e9sz\u00edts r\u00f3la fot\u00f3t a mobiltelefonoddal. K\u00e9rlek, gy\u0151z\u0151dj meg r\u00f3la, hogy j\u00f3l l\u00e1tszik! <\/label><br \/>\n<span class=\"wpcf7-form-control-wrap\" data-name=\"fisier\"><input size=\"40\" class=\"wpcf7-form-control wpcf7-file\" accept=\".jpg,.jpeg,.png,.gif,.pdf,.doc,.docx,.ppt,.pptx\" aria-invalid=\"false\" type=\"file\" name=\"fisier\" \/><\/span>\n<\/p>\n<p><span class=\"wpcf7-form-control-wrap\" data-name=\"termeni\"><span class=\"wpcf7-form-control wpcf7-acceptance\"><span class=\"wpcf7-list-item\"><label><input type=\"checkbox\" name=\"termeni\" value=\"1\" aria-invalid=\"false\" \/><span class=\"wpcf7-list-item-label\"><strong>Fontos!<\/strong> Elolvastam \u00e9s elfogadom az <a href=\"\/hu\/adatvedelmi-tajekoztato\/\" target=\"_blank\">Adatkezel\u00e9si t\u00e1j\u00e9koztat\u00f3t. <\/a><\/span><\/label><\/span><\/span><\/span>\n<\/p>\n<p class=\"recap\">This site is protected by reCAPTCHA and the Google <a href=\"https:\/\/policies.google.com\/privacy\" target=\"_blank\">Privacy Policy<\/a> and <a href=\"https:\/\/policies.google.com\/terms\" target=\"_blank\">Terms of Service<\/a> apply.\n<\/p>\n<p><input class=\"wpcf7-form-control wpcf7-submit has-spinner\" type=\"submit\" value=\"ELK\u00dcLD\u00c9S\" \/>\n<\/p><div class=\"wpcf7-response-output\" aria-hidden=\"true\"><\/div>\n<\/form>\n<\/div>\n<\/div>\n\t\t\t\t\t\t<\/div>\n\t\t\t\t<\/div>\n\t\t\t\t\t<\/div>\n\t\t<\/div>\n\t\t\t\t<div class=\"elementor-column elementor-col-33 elementor-inner-column elementor-element elementor-element-7be498a elementor-hidden-tablet elementor-hidden-phone\" data-id=\"7be498a\" data-element_type=\"column\">\n\t\t\t<div class=\"elementor-widget-wrap\">\n\t\t\t\t\t\t\t<\/div>\n\t\t<\/div>\n\t\t\t\t\t<\/div>\n\t\t<\/section>\n\t\t\t\t\t<\/div>\n\t\t<\/div>\n\t\t\t\t\t<\/div>\n\t\t<\/section>\n\t\t\t\t<\/div>\n\t\t","protected":false},"excerpt":{"rendered":"<p>\u00cdrj nekem! Ha ford\u00edt\u00e1sra van sz\u00fcks\u00e9ged, k\u00e9rlek, k\u00fcldd el itt a leford\u00edtand\u00f3 iratot\/sz\u00f6veget:<\/p>\n","protected":false},"author":1,"featured_media":7749,"parent":0,"menu_order":0,"comment_status":"closed","ping_status":"closed","template":"","meta":{"footnotes":""},"class_list":["post-670","page","type-page","status-publish","has-post-thumbnail","hentry"],"yoast_head":"<!-- This site is optimized with the Yoast SEO plugin v26.0 - https:\/\/yoast.com\/wordpress\/plugins\/seo\/ -->\n<title>Timea Laslavic &#8902; Kapcsolat<\/title>\n<meta name=\"description\" content=\"Ha ford\u00edt\u00e1sra van sz\u00fcks\u00e9ged, k\u00e9rlek, k\u00fcldd el itt a leford\u00edtand\u00f3 iratot\/sz\u00f6veget\" \/>\n<meta name=\"robots\" content=\"index, follow, max-snippet:-1, max-image-preview:large, max-video-preview:-1\" \/>\n<link rel=\"canonical\" href=\"https:\/\/timealaslavic.ro\/hu\/kapcsolat\/\" \/>\n<meta property=\"og:locale\" content=\"hu_HU\" \/>\n<meta property=\"og:type\" content=\"article\" \/>\n<meta property=\"og:title\" content=\"Timea Laslavic &#8902; Kapcsolat\" \/>\n<meta property=\"og:description\" content=\"Ha ford\u00edt\u00e1sra van sz\u00fcks\u00e9ged, k\u00e9rlek, k\u00fcldd el itt a leford\u00edtand\u00f3 iratot\/sz\u00f6veget\" \/>\n<meta property=\"og:url\" content=\"https:\/\/timealaslavic.ro\/hu\/kapcsolat\/\" \/>\n<meta property=\"og:site_name\" content=\"Timea Laslavic\" \/>\n<meta property=\"article:modified_time\" content=\"2024-10-02T09:31:08+00:00\" \/>\n<meta property=\"og:image\" content=\"https:\/\/timealaslavic.ro\/hu\/wp-content\/uploads\/2021\/11\/cover-timea.jpg\" \/>\n\t<meta property=\"og:image:width\" content=\"1920\" \/>\n\t<meta property=\"og:image:height\" content=\"1278\" \/>\n\t<meta property=\"og:image:type\" content=\"image\/jpeg\" \/>\n<meta name=\"twitter:card\" content=\"summary_large_image\" \/>\n<meta name=\"twitter:label1\" content=\"Becs\u00fclt olvas\u00e1si id\u0151\" \/>\n\t<meta name=\"twitter:data1\" content=\"1 perc\" \/>\n<script type=\"application\/ld+json\" class=\"yoast-schema-graph\">{\"@context\":\"https:\/\/schema.org\",\"@graph\":[{\"@type\":\"WebPage\",\"@id\":\"https:\/\/timealaslavic.ro\/hu\/kapcsolat\/\",\"url\":\"https:\/\/timealaslavic.ro\/hu\/kapcsolat\/\",\"name\":\"Timea Laslavic &#8902; Kapcsolat\",\"isPartOf\":{\"@id\":\"https:\/\/timealaslavic.ro\/hu\/#website\"},\"primaryImageOfPage\":{\"@id\":\"https:\/\/timealaslavic.ro\/hu\/kapcsolat\/#primaryimage\"},\"image\":{\"@id\":\"https:\/\/timealaslavic.ro\/hu\/kapcsolat\/#primaryimage\"},\"thumbnailUrl\":\"https:\/\/timealaslavic.ro\/hu\/wp-content\/uploads\/2021\/11\/cover-timea.jpg\",\"datePublished\":\"2021-11-09T12:46:57+00:00\",\"dateModified\":\"2024-10-02T09:31:08+00:00\",\"description\":\"Ha ford\u00edt\u00e1sra van sz\u00fcks\u00e9ged, k\u00e9rlek, k\u00fcldd el itt a leford\u00edtand\u00f3 iratot\/sz\u00f6veget\",\"breadcrumb\":{\"@id\":\"https:\/\/timealaslavic.ro\/hu\/kapcsolat\/#breadcrumb\"},\"inLanguage\":\"hu\",\"potentialAction\":[{\"@type\":\"ReadAction\",\"target\":[\"https:\/\/timealaslavic.ro\/hu\/kapcsolat\/\"]}]},{\"@type\":\"ImageObject\",\"inLanguage\":\"hu\",\"@id\":\"https:\/\/timealaslavic.ro\/hu\/kapcsolat\/#primaryimage\",\"url\":\"https:\/\/timealaslavic.ro\/hu\/wp-content\/uploads\/2021\/11\/cover-timea.jpg\",\"contentUrl\":\"https:\/\/timealaslavic.ro\/hu\/wp-content\/uploads\/2021\/11\/cover-timea.jpg\",\"width\":1920,\"height\":1278,\"caption\":\"Timea Laslavic - Traduc\u0103torul t\u0103u de limba maghiar\u0103\"},{\"@type\":\"BreadcrumbList\",\"@id\":\"https:\/\/timealaslavic.ro\/hu\/kapcsolat\/#breadcrumb\",\"itemListElement\":[{\"@type\":\"ListItem\",\"position\":1,\"name\":\"Home\",\"item\":\"https:\/\/timealaslavic.ro\/hu\/\"},{\"@type\":\"ListItem\",\"position\":2,\"name\":\"Kapcsolat\"}]},{\"@type\":\"WebSite\",\"@id\":\"https:\/\/timealaslavic.ro\/hu\/#website\",\"url\":\"https:\/\/timealaslavic.ro\/hu\/\",\"name\":\"Timea Laslavic\",\"description\":\"Magyar-rom\u00e1n, rom\u00e1n-magyar ford\u00edt\u00e1sok\",\"publisher\":{\"@id\":\"https:\/\/timealaslavic.ro\/hu\/#\/schema\/person\/924efd7113052fad5be9a34fd28932e1\"},\"potentialAction\":[{\"@type\":\"SearchAction\",\"target\":{\"@type\":\"EntryPoint\",\"urlTemplate\":\"https:\/\/timealaslavic.ro\/hu\/?s={search_term_string}\"},\"query-input\":{\"@type\":\"PropertyValueSpecification\",\"valueRequired\":true,\"valueName\":\"search_term_string\"}}],\"inLanguage\":\"hu\"},{\"@type\":[\"Person\",\"Organization\"],\"@id\":\"https:\/\/timealaslavic.ro\/hu\/#\/schema\/person\/924efd7113052fad5be9a34fd28932e1\",\"name\":\"Timea Laslavic\",\"image\":{\"@type\":\"ImageObject\",\"inLanguage\":\"hu\",\"@id\":\"https:\/\/timealaslavic.ro\/hu\/#\/schema\/person\/image\/\",\"url\":\"https:\/\/hostedbybeeline.eu\/timea\/wp-content\/uploads\/2021\/10\/timea-main-logo.png\",\"contentUrl\":\"https:\/\/hostedbybeeline.eu\/timea\/wp-content\/uploads\/2021\/10\/timea-main-logo.png\",\"width\":322,\"height\":65,\"caption\":\"Timea Laslavic\"},\"logo\":{\"@id\":\"https:\/\/timealaslavic.ro\/hu\/#\/schema\/person\/image\/\"}}]}<\/script>\n<!-- \/ Yoast SEO plugin. -->","yoast_head_json":{"title":"Timea Laslavic &#8902; Kapcsolat","description":"Ha ford\u00edt\u00e1sra van sz\u00fcks\u00e9ged, k\u00e9rlek, k\u00fcldd el itt a leford\u00edtand\u00f3 iratot\/sz\u00f6veget","robots":{"index":"index","follow":"follow","max-snippet":"max-snippet:-1","max-image-preview":"max-image-preview:large","max-video-preview":"max-video-preview:-1"},"canonical":"https:\/\/timealaslavic.ro\/hu\/kapcsolat\/","og_locale":"hu_HU","og_type":"article","og_title":"Timea Laslavic &#8902; Kapcsolat","og_description":"Ha ford\u00edt\u00e1sra van sz\u00fcks\u00e9ged, k\u00e9rlek, k\u00fcldd el itt a leford\u00edtand\u00f3 iratot\/sz\u00f6veget","og_url":"https:\/\/timealaslavic.ro\/hu\/kapcsolat\/","og_site_name":"Timea Laslavic","article_modified_time":"2024-10-02T09:31:08+00:00","og_image":[{"width":1920,"height":1278,"url":"https:\/\/timealaslavic.ro\/hu\/wp-content\/uploads\/2021\/11\/cover-timea.jpg","type":"image\/jpeg"}],"twitter_card":"summary_large_image","twitter_misc":{"Becs\u00fclt olvas\u00e1si id\u0151":"1 perc"},"schema":{"@context":"https:\/\/schema.org","@graph":[{"@type":"WebPage","@id":"https:\/\/timealaslavic.ro\/hu\/kapcsolat\/","url":"https:\/\/timealaslavic.ro\/hu\/kapcsolat\/","name":"Timea Laslavic &#8902; Kapcsolat","isPartOf":{"@id":"https:\/\/timealaslavic.ro\/hu\/#website"},"primaryImageOfPage":{"@id":"https:\/\/timealaslavic.ro\/hu\/kapcsolat\/#primaryimage"},"image":{"@id":"https:\/\/timealaslavic.ro\/hu\/kapcsolat\/#primaryimage"},"thumbnailUrl":"https:\/\/timealaslavic.ro\/hu\/wp-content\/uploads\/2021\/11\/cover-timea.jpg","datePublished":"2021-11-09T12:46:57+00:00","dateModified":"2024-10-02T09:31:08+00:00","description":"Ha ford\u00edt\u00e1sra van sz\u00fcks\u00e9ged, k\u00e9rlek, k\u00fcldd el itt a leford\u00edtand\u00f3 iratot\/sz\u00f6veget","breadcrumb":{"@id":"https:\/\/timealaslavic.ro\/hu\/kapcsolat\/#breadcrumb"},"inLanguage":"hu","potentialAction":[{"@type":"ReadAction","target":["https:\/\/timealaslavic.ro\/hu\/kapcsolat\/"]}]},{"@type":"ImageObject","inLanguage":"hu","@id":"https:\/\/timealaslavic.ro\/hu\/kapcsolat\/#primaryimage","url":"https:\/\/timealaslavic.ro\/hu\/wp-content\/uploads\/2021\/11\/cover-timea.jpg","contentUrl":"https:\/\/timealaslavic.ro\/hu\/wp-content\/uploads\/2021\/11\/cover-timea.jpg","width":1920,"height":1278,"caption":"Timea Laslavic - Traduc\u0103torul t\u0103u de limba maghiar\u0103"},{"@type":"BreadcrumbList","@id":"https:\/\/timealaslavic.ro\/hu\/kapcsolat\/#breadcrumb","itemListElement":[{"@type":"ListItem","position":1,"name":"Home","item":"https:\/\/timealaslavic.ro\/hu\/"},{"@type":"ListItem","position":2,"name":"Kapcsolat"}]},{"@type":"WebSite","@id":"https:\/\/timealaslavic.ro\/hu\/#website","url":"https:\/\/timealaslavic.ro\/hu\/","name":"Timea Laslavic","description":"Magyar-rom\u00e1n, rom\u00e1n-magyar ford\u00edt\u00e1sok","publisher":{"@id":"https:\/\/timealaslavic.ro\/hu\/#\/schema\/person\/924efd7113052fad5be9a34fd28932e1"},"potentialAction":[{"@type":"SearchAction","target":{"@type":"EntryPoint","urlTemplate":"https:\/\/timealaslavic.ro\/hu\/?s={search_term_string}"},"query-input":{"@type":"PropertyValueSpecification","valueRequired":true,"valueName":"search_term_string"}}],"inLanguage":"hu"},{"@type":["Person","Organization"],"@id":"https:\/\/timealaslavic.ro\/hu\/#\/schema\/person\/924efd7113052fad5be9a34fd28932e1","name":"Timea Laslavic","image":{"@type":"ImageObject","inLanguage":"hu","@id":"https:\/\/timealaslavic.ro\/hu\/#\/schema\/person\/image\/","url":"https:\/\/hostedbybeeline.eu\/timea\/wp-content\/uploads\/2021\/10\/timea-main-logo.png","contentUrl":"https:\/\/hostedbybeeline.eu\/timea\/wp-content\/uploads\/2021\/10\/timea-main-logo.png","width":322,"height":65,"caption":"Timea Laslavic"},"logo":{"@id":"https:\/\/timealaslavic.ro\/hu\/#\/schema\/person\/image\/"}}]}},"_links":{"self":[{"href":"https:\/\/timealaslavic.ro\/hu\/wp-json\/wp\/v2\/pages\/670","targetHints":{"allow":["GET"]}}],"collection":[{"href":"https:\/\/timealaslavic.ro\/hu\/wp-json\/wp\/v2\/pages"}],"about":[{"href":"https:\/\/timealaslavic.ro\/hu\/wp-json\/wp\/v2\/types\/page"}],"author":[{"embeddable":true,"href":"https:\/\/timealaslavic.ro\/hu\/wp-json\/wp\/v2\/users\/1"}],"replies":[{"embeddable":true,"href":"https:\/\/timealaslavic.ro\/hu\/wp-json\/wp\/v2\/comments?post=670"}],"version-history":[{"count":0,"href":"https:\/\/timealaslavic.ro\/hu\/wp-json\/wp\/v2\/pages\/670\/revisions"}],"wp:featuredmedia":[{"embeddable":true,"href":"https:\/\/timealaslavic.ro\/hu\/wp-json\/wp\/v2\/media\/7749"}],"wp:attachment":[{"href":"https:\/\/timealaslavic.ro\/hu\/wp-json\/wp\/v2\/media?parent=670"}],"curies":[{"name":"wp","href":"https:\/\/api.w.org\/{rel}","templated":true}]}}